{"id":14070,"date":"2022-04-22T18:50:39","date_gmt":"2022-04-22T16:50:39","guid":{"rendered":"https:\/\/wordpress.elomedien.de\/imprint\/"},"modified":"2023-11-08T10:09:45","modified_gmt":"2023-11-08T09:09:45","slug":"imprint","status":"publish","type":"page","link":"https:\/\/amwall.eu\/en\/imprint\/","title":{"rendered":"Imprint"},"content":{"rendered":"<div class=\"fusion-fullwidth fullwidth-box fusion-builder-row-1 fusion-flex-container nonhundred-percent-fullwidth non-hundred-percent-height-scrolling\" style=\"--awb-border-radius-top-left:0px;--awb-border-radius-top-right:0px;--awb-border-radius-bottom-right:0px;--awb-border-radius-bottom-left:0px;--awb-flex-wrap:wrap;\" ><div class=\"fusion-builder-row fusion-row fusion-flex-align-items-flex-start fusion-flex-content-wrap\" style=\"max-width:1216.8px;margin-left: calc(-4% \/ 2 );margin-right: calc(-4% \/ 2 );\"><div class=\"fusion-layout-column fusion_builder_column fusion-builder-column-0 fusion_builder_column_1_1 1_1 fusion-flex-column\" style=\"--awb-bg-size:cover;--awb-width-large:100%;--awb-margin-top-large:0px;--awb-spacing-right-large:1.92%;--awb-margin-bottom-large:0px;--awb-spacing-left-large:1.92%;--awb-width-medium:100%;--awb-spacing-right-medium:1.92%;--awb-spacing-left-medium:1.92%;--awb-width-small:100%;--awb-spacing-right-small:1.92%;--awb-spacing-left-small:1.92%;\"><div class=\"fusion-column-wrapper fusion-flex-justify-content-flex-start fusion-content-layout-column\"><div class=\"fusion-text fusion-text-1\"><h1>IMPRINT<\/h1>\n<h2>Informations according to \u00a7 5 TMG (German Act for Telemedia Services)<\/h2>\n<p><span class=\"amwall\">AM WALL<\/span> Rechtsanw\u00e4lte in Partnerschaft mbB und Notarin<br \/>\nL\u00fchring L\u00fctzen B\u00f6nninghaus Kl\u00f6ker<br \/>\nAm Wall 199<br \/>\n28195 Bremen<br \/>\nGermany<\/p>\n<p>Telefon: +49-421-69 66 41-0<br \/>\nFax: +49-421-69 66 41-99<br \/>\nE-Mail: <a href=\"mailto:info@amwall.eu\">info@amwall.eu<\/a><\/p>\n<h3>Partner<\/h3>\n<p>Christian L\u00fchring, Lawyer, Bremen<br \/>\nChristoph L\u00fctzen, Lawyer, Bremen<br \/>\nMichael B\u00f6nninghaus, Lawyer, Bremen<br \/>\nNicole L\u00fchring, Lawyer, Bremen<br \/>\nKlaus Kl\u00f6ker, Rechtsanwalt, Bremen<\/p>\n<h3>Partnershipregister<\/h3>\n<p>Amtsgericht Bremen PR 292<\/p>\n<h3>Competent Bar Association<\/h3>\n<p>Hanseatic Bar Association Bremen<br \/>\nKnochenhauerstra\u00dfe 36\/37<br \/>\n28195 Bremen<br \/>\nGermany<\/p>\n<p>Telefon: +49-421-16897-0<br \/>\nTelefax: +49-421-16897-20<br \/>\nE-Mail: <a href=\"mailto:kontakt@rak-bremen.de\">kontakt@rak-bremen.de<\/a><\/p>\n<h3>Legal Job Title<\/h3>\n<p>Rechtsanwalt (Job Title awarded in the Federal Republic of Germany)<\/p>\n<h3>Legal Regulations of Profession<\/h3>\n<p>Bundesrechtsanwaltsordnung (BRAO)<br \/>\nBerufsordnung f\u00fcr Rechtsanw\u00e4lte (BORA)<\/p>\n<h3>Source of Information<\/h3>\n<p><a href=\"http:\/\/www.brak.de\/\" target=\"_blank\" rel=\"noopener\">www.brak.de<\/a> (see &#8220;Berufsrecht&#8221;)<\/p>\n<h3>VAT Identification Number<\/h3>\n<p>DE274856240<\/p>\n<p><strong>Dispute Resolution Procedure:<\/strong><br \/>\nNotice pursuant to \u00a7 36 VSBG (General Information Obligation): The company AM WALL RECHTSANW\u00c4LTE in Partnerschaft mbB und Notarin L\u00fchring L\u00fctzen B\u00f6nninghaus and its attorneys do not take part in a dispute resolution procedure before a conciliation committee for consumers.<\/p>\n<h3 class=\"fusion-responsive-typography-calculated\" data-fontsize=\"25\" data-lineheight=\"33.75px\">Webdesign<\/h3>\n<p>olemedien | webdesign aus hamburg<br \/>\n<a href=\"http:\/\/www.olemedien.de\" target=\"_blank\" rel=\"noopener\">www.olemedien.de<\/a><\/p>\n<h3 class=\"fusion-responsive-typography-calculated\" data-fontsize=\"25\" data-lineheight=\"33.75px\">Photos<\/h3>\n<p>Urs Kuester Photography<br \/>\n<a href=\"http:\/\/www.urskuester.de\/\" target=\"_blank\" rel=\"noopener\">www.urskuester.de<\/a><\/p>\n<\/div><\/div><\/div><\/div><\/div>\n","protected":false},"excerpt":{"rendered":"","protected":false},"author":1,"featured_media":0,"parent":0,"menu_order":101,"comment_status":"closed","ping_status":"closed","template":"","meta":{"footnotes":""},"class_list":["post-14070","page","type-page","status-publish","hentry"],"yoast_head":"<!-- This site is optimized with the Yoast SEO plugin v27.5 - https:\/\/yoast.com\/product\/yoast-seo-wordpress\/ -->\n<title>Imprint - Rechtsanw\u00e4lte &amp; Notariat AM WALL Bremen<\/title>\n<meta name=\"robots\" content=\"index, follow, max-snippet:-1, max-image-preview:large, max-video-preview:-1\" \/>\n<link rel=\"canonical\" href=\"https:\/\/amwall.eu\/en\/imprint\/\" \/>\n<meta property=\"og:locale\" content=\"en_US\" \/>\n<meta property=\"og:type\" content=\"article\" \/>\n<meta property=\"og:title\" content=\"Imprint - Rechtsanw\u00e4lte &amp; Notariat AM WALL Bremen\" \/>\n<meta property=\"og:url\" content=\"https:\/\/amwall.eu\/en\/imprint\/\" \/>\n<meta property=\"og:site_name\" content=\"Rechtsanw\u00e4lte &amp; Notariat AM WALL Bremen\" \/>\n<meta property=\"article:modified_time\" content=\"2023-11-08T09:09:45+00:00\" \/>\n<meta name=\"twitter:card\" content=\"summary_large_image\" \/>\n<meta name=\"twitter:label1\" content=\"Est. reading time\" \/>\n\t<meta name=\"twitter:data1\" content=\"2 minutes\" \/>\n<script type=\"application\/ld+json\" class=\"yoast-schema-graph\">{\"@context\":\"https:\\\/\\\/schema.org\",\"@graph\":[{\"@type\":\"WebPage\",\"@id\":\"https:\\\/\\\/amwall.eu\\\/en\\\/imprint\\\/\",\"url\":\"https:\\\/\\\/amwall.eu\\\/en\\\/imprint\\\/\",\"name\":\"Imprint - Rechtsanw\u00e4lte &amp; Notariat AM WALL Bremen\",\"isPartOf\":{\"@id\":\"https:\\\/\\\/amwall.eu\\\/#website\"},\"datePublished\":\"2022-04-22T16:50:39+00:00\",\"dateModified\":\"2023-11-08T09:09:45+00:00\",\"breadcrumb\":{\"@id\":\"https:\\\/\\\/amwall.eu\\\/en\\\/imprint\\\/#breadcrumb\"},\"inLanguage\":\"en-US\",\"potentialAction\":[{\"@type\":\"ReadAction\",\"target\":[\"https:\\\/\\\/amwall.eu\\\/en\\\/imprint\\\/\"]}]},{\"@type\":\"BreadcrumbList\",\"@id\":\"https:\\\/\\\/amwall.eu\\\/en\\\/imprint\\\/#breadcrumb\",\"itemListElement\":[{\"@type\":\"ListItem\",\"position\":1,\"name\":\"Startseite\",\"item\":\"https:\\\/\\\/amwall.eu\\\/en\\\/\"},{\"@type\":\"ListItem\",\"position\":2,\"name\":\"Imprint\"}]},{\"@type\":\"WebSite\",\"@id\":\"https:\\\/\\\/amwall.eu\\\/#website\",\"url\":\"https:\\\/\\\/amwall.eu\\\/\",\"name\":\"Rechtsanw\u00e4lte &amp; Notariat AM WALL Bremen\",\"description\":\"\",\"potentialAction\":[{\"@type\":\"SearchAction\",\"target\":{\"@type\":\"EntryPoint\",\"urlTemplate\":\"https:\\\/\\\/amwall.eu\\\/?s={search_term_string}\"},\"query-input\":{\"@type\":\"PropertyValueSpecification\",\"valueRequired\":true,\"valueName\":\"search_term_string\"}}],\"inLanguage\":\"en-US\"}]}<\/script>\n<!-- \/ Yoast SEO plugin. -->","yoast_head_json":{"title":"Imprint - Rechtsanw\u00e4lte &amp; Notariat AM WALL Bremen","robots":{"index":"index","follow":"follow","max-snippet":"max-snippet:-1","max-image-preview":"max-image-preview:large","max-video-preview":"max-video-preview:-1"},"canonical":"https:\/\/amwall.eu\/en\/imprint\/","og_locale":"en_US","og_type":"article","og_title":"Imprint - Rechtsanw\u00e4lte &amp; Notariat AM WALL Bremen","og_url":"https:\/\/amwall.eu\/en\/imprint\/","og_site_name":"Rechtsanw\u00e4lte &amp; Notariat AM WALL Bremen","article_modified_time":"2023-11-08T09:09:45+00:00","twitter_card":"summary_large_image","twitter_misc":{"Est. reading time":"2 minutes"},"schema":{"@context":"https:\/\/schema.org","@graph":[{"@type":"WebPage","@id":"https:\/\/amwall.eu\/en\/imprint\/","url":"https:\/\/amwall.eu\/en\/imprint\/","name":"Imprint - Rechtsanw\u00e4lte &amp; Notariat AM WALL Bremen","isPartOf":{"@id":"https:\/\/amwall.eu\/#website"},"datePublished":"2022-04-22T16:50:39+00:00","dateModified":"2023-11-08T09:09:45+00:00","breadcrumb":{"@id":"https:\/\/amwall.eu\/en\/imprint\/#breadcrumb"},"inLanguage":"en-US","potentialAction":[{"@type":"ReadAction","target":["https:\/\/amwall.eu\/en\/imprint\/"]}]},{"@type":"BreadcrumbList","@id":"https:\/\/amwall.eu\/en\/imprint\/#breadcrumb","itemListElement":[{"@type":"ListItem","position":1,"name":"Startseite","item":"https:\/\/amwall.eu\/en\/"},{"@type":"ListItem","position":2,"name":"Imprint"}]},{"@type":"WebSite","@id":"https:\/\/amwall.eu\/#website","url":"https:\/\/amwall.eu\/","name":"Rechtsanw\u00e4lte &amp; Notariat AM WALL Bremen","description":"","potentialAction":[{"@type":"SearchAction","target":{"@type":"EntryPoint","urlTemplate":"https:\/\/amwall.eu\/?s={search_term_string}"},"query-input":{"@type":"PropertyValueSpecification","valueRequired":true,"valueName":"search_term_string"}}],"inLanguage":"en-US"}]}},"_links":{"self":[{"href":"https:\/\/amwall.eu\/en\/wp-json\/wp\/v2\/pages\/14070","targetHints":{"allow":["GET"]}}],"collection":[{"href":"https:\/\/amwall.eu\/en\/wp-json\/wp\/v2\/pages"}],"about":[{"href":"https:\/\/amwall.eu\/en\/wp-json\/wp\/v2\/types\/page"}],"author":[{"embeddable":true,"href":"https:\/\/amwall.eu\/en\/wp-json\/wp\/v2\/users\/1"}],"replies":[{"embeddable":true,"href":"https:\/\/amwall.eu\/en\/wp-json\/wp\/v2\/comments?post=14070"}],"version-history":[{"count":5,"href":"https:\/\/amwall.eu\/en\/wp-json\/wp\/v2\/pages\/14070\/revisions"}],"predecessor-version":[{"id":14212,"href":"https:\/\/amwall.eu\/en\/wp-json\/wp\/v2\/pages\/14070\/revisions\/14212"}],"wp:attachment":[{"href":"https:\/\/amwall.eu\/en\/wp-json\/wp\/v2\/media?parent=14070"}],"curies":[{"name":"wp","href":"https:\/\/api.w.org\/{rel}","templated":true}]}}